{"id":1126,"date":"2022-08-10T20:42:15","date_gmt":"2022-08-10T18:42:15","guid":{"rendered":"https:\/\/worldwidegroup.cm\/?page_id=1126"},"modified":"2024-05-25T13:48:07","modified_gmt":"2024-05-25T12:48:07","slug":"design-d-interieur-au-cameroun","status":"publish","type":"page","link":"https:\/\/worldwidegroup.cm\/index.php\/design-d-interieur-au-cameroun\/","title":{"rendered":"Design d&rsquo;int\u00e9rieur"},"content":{"rendered":"\t\t<div data-elementor-type=\"wp-page\" data-elementor-id=\"1126\" class=\"elementor elementor-1126\" data-elementor-settings=\"[]\">\n\t\t\t\t\t\t\t<div class=\"elementor-section-wrap\">\n\t\t\t\t\t\t\t<section class=\"elementor-section elementor-top-section elementor-element elementor-element-0d62dcd elementor-section-boxed elementor-section-height-default elementor-section-height-default\" data-id=\"0d62dcd\" data-element_type=\"section\" data-settings=\"{&quot;background_background&quot;:&quot;classic&quot;}\">\n\t\t\t\t\t\t<div class=\"elementor-container elementor-column-gap-default\">\n\t\t\t\t\t<div class=\"elementor-column elementor-col-100 elementor-top-column elementor-element elementor-element-43dce98\" data-id=\"43dce98\" data-element_type=\"column\">\n\t\t\t<div class=\"elementor-widget-wrap elementor-element-populated\">\n\t\t\t\t\t\t\t\t<div class=\"elementor-element elementor-element-cae71b0 elementor-widget elementor-widget-heading\" data-id=\"cae71b0\" data-element_type=\"widget\" data-widget_type=\"heading.default\">\n\t\t\t\t<div class=\"elementor-widget-container\">\n\t\t\t<h2 class=\"elementor-heading-title elementor-size-default\">Design d'interieur<\/h2>\t\t<\/div>\n\t\t\t\t<\/div>\n\t\t\t\t<div class=\"elementor-element elementor-element-7ab7c5c elementor-widget elementor-widget-heading\" data-id=\"7ab7c5c\" data-element_type=\"widget\" data-widget_type=\"heading.default\">\n\t\t\t\t<div class=\"elementor-widget-container\">\n\t\t\t<h5 class=\"elementor-heading-title elementor-size-default\">Maison - Bureau - Espace publique<\/h5>\t\t<\/div>\n\t\t\t\t<\/div>\n\t\t\t\t\t<\/div>\n\t\t<\/div>\n\t\t\t\t\t\t\t<\/div>\n\t\t<\/section>\n\t\t\t\t<section class=\"elementor-section elementor-top-section elementor-element elementor-element-187ad7f elementor-section-boxed elementor-section-height-default elementor-section-height-default elementor-invisible\" data-id=\"187ad7f\" data-element_type=\"section\" data-settings=\"{&quot;background_background&quot;:&quot;classic&quot;,&quot;animation&quot;:&quot;fadeInRight&quot;}\">\n\t\t\t\t\t\t<div class=\"elementor-container elementor-column-gap-default\">\n\t\t\t\t\t<div class=\"elementor-column elementor-col-50 elementor-top-column elementor-element elementor-element-d44d455\" data-id=\"d44d455\" data-element_type=\"column\">\n\t\t\t<div class=\"elementor-widget-wrap elementor-element-populated\">\n\t\t\t\t\t\t\t\t<div class=\"elementor-element elementor-element-83426ea elementor-widget elementor-widget-heading\" data-id=\"83426ea\" data-element_type=\"widget\" data-widget_type=\"heading.default\">\n\t\t\t\t<div class=\"elementor-widget-container\">\n\t\t\t<h5 class=\"elementor-heading-title elementor-size-default\">\nVotre maison est  votre histoire, nos designs vous aident \u00e0 la raconter<\/h5>\t\t<\/div>\n\t\t\t\t<\/div>\n\t\t\t\t<div class=\"elementor-element elementor-element-b6e08b4 elementor-widget elementor-widget-text-editor\" data-id=\"b6e08b4\" data-element_type=\"widget\" data-widget_type=\"text-editor.default\">\n\t\t\t\t<div class=\"elementor-widget-container\">\n\t\t\t\t\t\t\t\t<p>Un bon design devrait vous inciter \u00e0 aimer la fa\u00e7on dont vous vivez \u00e0 la maison\u2026 m\u00eame si et quand vos enfants y sont.<br \/>Nos cr\u00e9ations visent un reflet authentique de votre style de vie sans pr\u00e9tention ni pr\u00e9tention. Nous savons que le poids de notre responsabilit\u00e9 est lourd car vous nous confiez les espaces les plus sacr\u00e9s et les plus vuln\u00e9rables.<br \/>L&rsquo;espace que nous habitons, notre maison, est le gardien de nos souvenirs, de notre famille et de nos exp\u00e9riences quotidiennes. Nous n\u2019acceptons pas cette confiance \u00e0 la l\u00e9g\u00e8re.<\/p>\t\t\t\t\t\t<\/div>\n\t\t\t\t<\/div>\n\t\t\t\t\t<\/div>\n\t\t<\/div>\n\t\t\t\t<div class=\"elementor-column elementor-col-50 elementor-top-column elementor-element elementor-element-5d0b695\" data-id=\"5d0b695\" data-element_type=\"column\" data-settings=\"{&quot;background_background&quot;:&quot;slideshow&quot;,&quot;background_slideshow_gallery&quot;:[{&quot;id&quot;:1389,&quot;url&quot;:&quot;https:\\\/\\\/worldwidegroup.cm\\\/wp-content\\\/uploads\\\/2024\\\/05\\\/houzlook-1024x768-1.jpg&quot;},{&quot;id&quot;:1320,&quot;url&quot;:&quot;https:\\\/\\\/worldwidegroup.cm\\\/wp-content\\\/uploads\\\/2024\\\/05\\\/Residential-Living-Room-Interior-after-01.jpg&quot;},{&quot;id&quot;:1386,&quot;url&quot;:&quot;https:\\\/\\\/worldwidegroup.cm\\\/wp-content\\\/uploads\\\/2024\\\/05\\\/antony-1024x683-1.jpg&quot;},{&quot;id&quot;:1390,&quot;url&quot;:&quot;https:\\\/\\\/worldwidegroup.cm\\\/wp-content\\\/uploads\\\/2024\\\/05\\\/interior-1024x683-1.jpg&quot;}],&quot;background_slideshow_loop&quot;:&quot;yes&quot;,&quot;background_slideshow_slide_duration&quot;:5000,&quot;background_slideshow_slide_transition&quot;:&quot;fade&quot;,&quot;background_slideshow_transition_duration&quot;:500}\">\n\t\t\t<div class=\"elementor-widget-wrap\">\n\t\t\t\t\t\t\t\t\t<\/div>\n\t\t<\/div>\n\t\t\t\t\t\t\t<\/div>\n\t\t<\/section>\n\t\t\t\t<section class=\"elementor-section elementor-top-section elementor-element elementor-element-196794f elementor-section-boxed elementor-section-height-default elementor-section-height-default elementor-invisible\" data-id=\"196794f\" data-element_type=\"section\" data-settings=\"{&quot;animation&quot;:&quot;fadeInLeft&quot;}\">\n\t\t\t\t\t\t<div class=\"elementor-container elementor-column-gap-default\">\n\t\t\t\t\t<div class=\"elementor-column elementor-col-33 elementor-top-column elementor-element elementor-element-7c9c240\" data-id=\"7c9c240\" data-element_type=\"column\" data-settings=\"{&quot;background_background&quot;:&quot;slideshow&quot;,&quot;background_slideshow_gallery&quot;:[{&quot;id&quot;:1327,&quot;url&quot;:&quot;https:\\\/\\\/worldwidegroup.cm\\\/wp-content\\\/uploads\\\/2024\\\/05\\\/Office-Design-and-Furniture-1024x683-1.jpg&quot;},{&quot;id&quot;:1326,&quot;url&quot;:&quot;https:\\\/\\\/worldwidegroup.cm\\\/wp-content\\\/uploads\\\/2024\\\/05\\\/Office-Design-and-Furniture-4.jpg&quot;}],&quot;background_slideshow_loop&quot;:&quot;yes&quot;,&quot;background_slideshow_slide_duration&quot;:5000,&quot;background_slideshow_slide_transition&quot;:&quot;fade&quot;,&quot;background_slideshow_transition_duration&quot;:500}\">\n\t\t\t<div class=\"elementor-widget-wrap\">\n\t\t\t\t\t\t\t\t\t<\/div>\n\t\t<\/div>\n\t\t\t\t<div class=\"elementor-column elementor-col-66 elementor-top-column elementor-element elementor-element-37c1562\" data-id=\"37c1562\" data-element_type=\"column\">\n\t\t\t<div class=\"elementor-widget-wrap elementor-element-populated\">\n\t\t\t\t\t\t\t\t<div class=\"elementor-element elementor-element-97873f7 elementor-widget elementor-widget-heading\" data-id=\"97873f7\" data-element_type=\"widget\" data-widget_type=\"heading.default\">\n\t\t\t\t<div class=\"elementor-widget-container\">\n\t\t\t<h5 class=\"elementor-heading-title elementor-size-default\">Conception de bureaux ax\u00e9e sur l'usabilit\u00e9<\/h5>\t\t<\/div>\n\t\t\t\t<\/div>\n\t\t\t\t<div class=\"elementor-element elementor-element-e8e9669 elementor-widget elementor-widget-text-editor\" data-id=\"e8e9669\" data-element_type=\"widget\" data-widget_type=\"text-editor.default\">\n\t\t\t\t<div class=\"elementor-widget-container\">\n\t\t\t\t\t\t\t\t<p>Que vous cherchiez \u00e0 r\u00e9nover un espace existant ou \u00e0 d\u00e9m\u00e9nager dans un nouvel endroit, nous concevons, meubleons et livrons des espaces qui am\u00e9liorent votre entreprise et le bien-\u00eatre de ceux qui s&rsquo;y trouvent.<\/p><p>Une conception de bureau moderne contribue \u00e0 attirer, fid\u00e9liser et motiver une main-d&rsquo;\u0153uvre talentueuse. Cela a un impact sur la productivit\u00e9 et l&rsquo;efficacit\u00e9, ce qui am\u00e9liore les performances de l&rsquo;entreprise.<br \/>Alors que de plus en plus de propri\u00e9taires d&rsquo;entreprise comprennent progressivement l&rsquo;importance d&rsquo;un bureau et d&rsquo;un lieu de travail bien con\u00e7us et modernes, pour d&rsquo;autres, cela peut sembler une proposition intimidante. Nos concepteurs de bureaux sont \u00e0 votre disposition pour vous montrer qu&rsquo;il ne s&rsquo;agit pas uniquement de piscine, de tables de ping-pong et de caf\u00e9. Il s&rsquo;agit de cr\u00e9er un espace de bureau qui r\u00e9pond aux besoins de votre entreprise, refl\u00e8te votre culture et rend le travail agr\u00e9able et productif pour tous.<\/p>\t\t\t\t\t\t<\/div>\n\t\t\t\t<\/div>\n\t\t\t\t\t<\/div>\n\t\t<\/div>\n\t\t\t\t\t\t\t<\/div>\n\t\t<\/section>\n\t\t\t\t<section class=\"elementor-section elementor-top-section elementor-element elementor-element-82de188 elementor-section-boxed elementor-section-height-default elementor-section-height-default elementor-invisible\" data-id=\"82de188\" data-element_type=\"section\" data-settings=\"{&quot;background_background&quot;:&quot;classic&quot;,&quot;animation&quot;:&quot;fadeInRight&quot;}\">\n\t\t\t\t\t\t<div class=\"elementor-container elementor-column-gap-default\">\n\t\t\t\t\t<div class=\"elementor-column elementor-col-50 elementor-top-column elementor-element elementor-element-228c5a6\" data-id=\"228c5a6\" data-element_type=\"column\">\n\t\t\t<div class=\"elementor-widget-wrap elementor-element-populated\">\n\t\t\t\t\t\t\t\t<div class=\"elementor-element elementor-element-e195d08 elementor-widget elementor-widget-heading\" data-id=\"e195d08\" data-element_type=\"widget\" data-widget_type=\"heading.default\">\n\t\t\t\t<div class=\"elementor-widget-container\">\n\t\t\t<h5 class=\"elementor-heading-title elementor-size-default\">Solutions de design int\u00e9rieur sur mesure pour h\u00f4tels, bars, restaurants et plus<\/h5>\t\t<\/div>\n\t\t\t\t<\/div>\n\t\t\t\t<div class=\"elementor-element elementor-element-8bccac9 elementor-widget elementor-widget-text-editor\" data-id=\"8bccac9\" data-element_type=\"widget\" data-widget_type=\"text-editor.default\">\n\t\t\t\t<div class=\"elementor-widget-container\">\n\t\t\t\t\t\t\t\t<p>Alors que de plus en plus de marques h\u00f4teli\u00e8res rivalisent pour attirer l\u2019attention de leurs clients, il est plus important que jamais pour les propri\u00e9taires d\u2019offrir quelque chose de vraiment unique et diff\u00e9renci\u00e9. Nous cr\u00e9ons des int\u00e9rieurs r\u00e9fl\u00e9chis et inspir\u00e9s pour l\u2019hospitalit\u00e9 et les voyages. Nous apportons une approche unique de r\u00e9solution de probl\u00e8mes et un sens du style inh\u00e9rent aux projets h\u00f4teliers allant des prototypes de marque aux h\u00f4tels de luxe ind\u00e9pendants. Nous travaillons avec nos clients pour d\u00e9velopper et ex\u00e9cuter une exp\u00e9rience client qui les distinguera de leurs concurrents et r\u00e9sistera \u00e0 l&rsquo;\u00e9preuve du temps.<\/p>\t\t\t\t\t\t<\/div>\n\t\t\t\t<\/div>\n\t\t\t\t\t<\/div>\n\t\t<\/div>\n\t\t\t\t<div class=\"elementor-column elementor-col-50 elementor-top-column elementor-element elementor-element-ae107ad\" data-id=\"ae107ad\" data-element_type=\"column\" data-settings=\"{&quot;background_background&quot;:&quot;slideshow&quot;,&quot;background_slideshow_gallery&quot;:[{&quot;id&quot;:1327,&quot;url&quot;:&quot;https:\\\/\\\/worldwidegroup.cm\\\/wp-content\\\/uploads\\\/2024\\\/05\\\/Office-Design-and-Furniture-1024x683-1.jpg&quot;},{&quot;id&quot;:1326,&quot;url&quot;:&quot;https:\\\/\\\/worldwidegroup.cm\\\/wp-content\\\/uploads\\\/2024\\\/05\\\/Office-Design-and-Furniture-4.jpg&quot;}],&quot;background_slideshow_loop&quot;:&quot;yes&quot;,&quot;background_slideshow_slide_duration&quot;:5000,&quot;background_slideshow_slide_transition&quot;:&quot;fade&quot;,&quot;background_slideshow_transition_duration&quot;:500}\">\n\t\t\t<div class=\"elementor-widget-wrap\">\n\t\t\t\t\t\t\t\t\t<\/div>\n\t\t<\/div>\n\t\t\t\t\t\t\t<\/div>\n\t\t<\/section>\n\t\t\t\t<section class=\"elementor-section elementor-top-section elementor-element elementor-element-8410f52 elementor-section-full_width elementor-section-stretched elementor-section-height-default elementor-section-height-default\" data-id=\"8410f52\" data-element_type=\"section\" data-settings=\"{&quot;stretch_section&quot;:&quot;section-stretched&quot;,&quot;background_background&quot;:&quot;slideshow&quot;,&quot;background_slideshow_gallery&quot;:[{&quot;id&quot;:1316,&quot;url&quot;:&quot;https:\\\/\\\/worldwidegroup.cm\\\/wp-content\\\/uploads\\\/2024\\\/05\\\/Residential-Interior-Design-1024x543-2.jpg&quot;}],&quot;background_slideshow_slide_transition&quot;:&quot;slide_up&quot;,&quot;background_slideshow_loop&quot;:&quot;yes&quot;,&quot;background_slideshow_slide_duration&quot;:5000,&quot;background_slideshow_transition_duration&quot;:500}\">\n\t\t\t\t\t\t\t<div class=\"elementor-background-overlay\"><\/div>\n\t\t\t\t\t\t\t<div class=\"elementor-container elementor-column-gap-default\">\n\t\t\t\t\t<div class=\"elementor-column elementor-col-100 elementor-top-column elementor-element elementor-element-235b115 elementor-invisible\" data-id=\"235b115\" data-element_type=\"column\" data-settings=\"{&quot;animation&quot;:&quot;fadeInUp&quot;}\">\n\t\t\t<div class=\"elementor-widget-wrap elementor-element-populated\">\n\t\t\t\t\t\t\t\t<div class=\"elementor-element elementor-element-9ecad47 elementor-cta--skin-cover elementor-animated-content elementor-bg-transform elementor-bg-transform-zoom-in elementor-widget elementor-widget-call-to-action\" data-id=\"9ecad47\" data-element_type=\"widget\" data-widget_type=\"call-to-action.default\">\n\t\t\t\t<div class=\"elementor-widget-container\">\n\t\t\t\t\t<div  class=\"elementor-cta\">\n\t\t\t\t\t<div class=\"elementor-cta__bg-wrapper\">\n\t\t\t\t<div class=\"elementor-cta__bg elementor-bg\" style=\"background-image: url();\"><\/div>\n\t\t\t\t<div class=\"elementor-cta__bg-overlay\"><\/div>\n\t\t\t<\/div>\n\t\t\t\t\t\t\t<div class=\"elementor-cta__content\">\n\t\t\t\t\n\t\t\t\t\t\t\t\t\t<h2 class=\"elementor-cta__title elementor-cta__content-item elementor-content-item elementor-animated-item--grow\">\n\t\t\t\t\t\tPlanifiez votre projet\t\t\t\t\t<\/h2>\n\t\t\t\t\n\t\t\t\t\t\t\t\t\t<div class=\"elementor-cta__description elementor-cta__content-item elementor-content-item elementor-animated-item--grow\">\n\t\t\t\t\t\tNous sommes \u00e0 votre \u00e9coute pour donner vie \u00e0 votre projet \t\t\t\t\t<\/div>\n\t\t\t\t\n\t\t\t\t\t\t\t\t\t<div class=\"elementor-cta__button-wrapper elementor-cta__content-item elementor-content-item elementor-animated-item--grow\">\n\t\t\t\t\t<a class=\"elementor-cta__button elementor-button elementor-size-sm\" href=\"https:\/\/worldwidegroup.cm\/index.php\/contacts\/\">\n\t\t\t\t\t\tContactez-nous\t\t\t\t\t<\/a>\n\t\t\t\t\t<\/div>\n\t\t\t\t\t\t\t<\/div>\n\t\t\t\t\t\t<\/div>\n\t\t\t\t<\/div>\n\t\t\t\t<\/div>\n\t\t\t\t\t<\/div>\n\t\t<\/div>\n\t\t\t\t\t\t\t<\/div>\n\t\t<\/section>\n\t\t\t\t\t\t<\/div>\n\t\t\t\t\t<\/div>\n\t\t","protected":false},"excerpt":{"rendered":"<p>Design d&rsquo;interieur Maison &#8211; Bureau &#8211; Espace publique Votre maison est votre histoire, nos designs vous aident \u00e0 la raconter Un bon design devrait vous inciter \u00e0 aimer la fa\u00e7on dont vous vivez \u00e0 la maison\u2026 m\u00eame si et quand vos enfants y sont. Nos cr\u00e9ations visent un reflet authentique de votre style de vie &hellip;<\/p>\n<p class=\"read-more\"> <a class=\"\" href=\"https:\/\/worldwidegroup.cm\/index.php\/design-d-interieur-au-cameroun\/\"> <span class=\"screen-reader-text\">Design d&rsquo;int\u00e9rieur<\/span> Lire la suite\u00a0\u00bb<\/a><\/p>\n","protected":false},"author":1,"featured_media":0,"parent":0,"menu_order":0,"comment_status":"closed","ping_status":"closed","template":"","meta":{"footnotes":""},"class_list":["post-1126","page","type-page","status-publish","hentry"],"yoast_head":"<!-- This site is optimized with the Yoast SEO plugin v16.2 - https:\/\/yoast.com\/wordpress\/plugins\/seo\/ -->\n<title>Design d&#039;int\u00e9rieur au Cameroun - WorldWideGroup<\/title>\n<meta name=\"description\" content=\"D\u00e9couvrez notre expertise en design int\u00e9rieur pour cr\u00e9er des espaces uniques et harmonieux. WorldWideGroup \u00e0 votre service.\" \/>\n<meta name=\"robots\" content=\"index, follow, max-snippet:-1, max-image-preview:large, max-video-preview:-1\" \/>\n<link rel=\"canonical\" href=\"https:\/\/worldwidegroup.cm\/index.php\/design-d-interieur-au-cameroun\/\" \/>\n<meta property=\"og:locale\" content=\"fr_FR\" \/>\n<meta property=\"og:type\" content=\"article\" \/>\n<meta property=\"og:title\" content=\"Design d&#039;int\u00e9rieur au Cameroun - WorldWideGroup\" \/>\n<meta property=\"og:description\" content=\"D\u00e9couvrez notre expertise en design int\u00e9rieur pour cr\u00e9er des espaces uniques et harmonieux. WorldWideGroup \u00e0 votre service.\" \/>\n<meta property=\"og:url\" content=\"https:\/\/worldwidegroup.cm\/index.php\/design-d-interieur-au-cameroun\/\" \/>\n<meta property=\"og:site_name\" content=\"WorldWideGroup\" \/>\n<meta property=\"article:publisher\" content=\"https:\/\/www.facebook.com\/thedigitalcap\" \/>\n<meta property=\"article:modified_time\" content=\"2024-05-25T12:48:07+00:00\" \/>\n<meta property=\"og:image\" content=\"https:\/\/worldwidegroup.cm\/wp-content\/uploads\/2021\/05\/logo-2.png\" \/>\n\t<meta property=\"og:image:width\" content=\"875\" \/>\n\t<meta property=\"og:image:height\" content=\"660\" \/>\n<meta name=\"twitter:card\" content=\"summary_large_image\" \/>\n<meta name=\"twitter:label1\" content=\"Dur\u00e9e de lecture est.\">\n\t<meta name=\"twitter:data1\" content=\"2 minutes\">\n<script type=\"application\/ld+json\" class=\"yoast-schema-graph\">{\"@context\":\"https:\/\/schema.org\",\"@graph\":[{\"@type\":\"Organization\",\"@id\":\"https:\/\/worldwidegroup.cm\/#organization\",\"name\":\"The Digital CAP\",\"url\":\"https:\/\/worldwidegroup.cm\/\",\"sameAs\":[\"https:\/\/www.facebook.com\/thedigitalcap\"],\"logo\":{\"@type\":\"ImageObject\",\"@id\":\"https:\/\/worldwidegroup.cm\/#logo\",\"inLanguage\":\"fr-FR\",\"url\":\"https:\/\/worldwidegroup.cm\/wp-content\/uploads\/2021\/05\/logo-2.png\",\"contentUrl\":\"https:\/\/worldwidegroup.cm\/wp-content\/uploads\/2021\/05\/logo-2.png\",\"width\":875,\"height\":660,\"caption\":\"The Digital CAP\"},\"image\":{\"@id\":\"https:\/\/worldwidegroup.cm\/#logo\"}},{\"@type\":\"WebSite\",\"@id\":\"https:\/\/worldwidegroup.cm\/#website\",\"url\":\"https:\/\/worldwidegroup.cm\/\",\"name\":\"WorldWideGroup\",\"description\":\"Architecture et design d&#039;int\\u00e9rieur au Cameroun\",\"publisher\":{\"@id\":\"https:\/\/worldwidegroup.cm\/#organization\"},\"potentialAction\":[{\"@type\":\"SearchAction\",\"target\":\"https:\/\/worldwidegroup.cm\/?s={search_term_string}\",\"query-input\":\"required name=search_term_string\"}],\"inLanguage\":\"fr-FR\"},{\"@type\":\"WebPage\",\"@id\":\"https:\/\/worldwidegroup.cm\/index.php\/design-d-interieur-au-cameroun\/#webpage\",\"url\":\"https:\/\/worldwidegroup.cm\/index.php\/design-d-interieur-au-cameroun\/\",\"name\":\"Design d'int\\u00e9rieur au Cameroun - WorldWideGroup\",\"isPartOf\":{\"@id\":\"https:\/\/worldwidegroup.cm\/#website\"},\"datePublished\":\"2022-08-10T18:42:15+00:00\",\"dateModified\":\"2024-05-25T12:48:07+00:00\",\"description\":\"D\\u00e9couvrez notre expertise en design int\\u00e9rieur pour cr\\u00e9er des espaces uniques et harmonieux. WorldWideGroup \\u00e0 votre service.\",\"breadcrumb\":{\"@id\":\"https:\/\/worldwidegroup.cm\/index.php\/design-d-interieur-au-cameroun\/#breadcrumb\"},\"inLanguage\":\"fr-FR\",\"potentialAction\":[{\"@type\":\"ReadAction\",\"target\":[\"https:\/\/worldwidegroup.cm\/index.php\/design-d-interieur-au-cameroun\/\"]}]},{\"@type\":\"BreadcrumbList\",\"@id\":\"https:\/\/worldwidegroup.cm\/index.php\/design-d-interieur-au-cameroun\/#breadcrumb\",\"itemListElement\":[{\"@type\":\"ListItem\",\"position\":1,\"item\":{\"@type\":\"WebPage\",\"@id\":\"https:\/\/worldwidegroup.cm\/\",\"url\":\"https:\/\/worldwidegroup.cm\/\",\"name\":\"Accueil\"}},{\"@type\":\"ListItem\",\"position\":2,\"item\":{\"@id\":\"https:\/\/worldwidegroup.cm\/index.php\/design-d-interieur-au-cameroun\/#webpage\"}}]}]}<\/script>\n<!-- \/ Yoast SEO plugin. -->","_links":{"self":[{"href":"https:\/\/worldwidegroup.cm\/index.php\/wp-json\/wp\/v2\/pages\/1126","targetHints":{"allow":["GET"]}}],"collection":[{"href":"https:\/\/worldwidegroup.cm\/index.php\/wp-json\/wp\/v2\/pages"}],"about":[{"href":"https:\/\/worldwidegroup.cm\/index.php\/wp-json\/wp\/v2\/types\/page"}],"author":[{"embeddable":true,"href":"https:\/\/worldwidegroup.cm\/index.php\/wp-json\/wp\/v2\/users\/1"}],"replies":[{"embeddable":true,"href":"https:\/\/worldwidegroup.cm\/index.php\/wp-json\/wp\/v2\/comments?post=1126"}],"version-history":[{"count":43,"href":"https:\/\/worldwidegroup.cm\/index.php\/wp-json\/wp\/v2\/pages\/1126\/revisions"}],"predecessor-version":[{"id":1497,"href":"https:\/\/worldwidegroup.cm\/index.php\/wp-json\/wp\/v2\/pages\/1126\/revisions\/1497"}],"wp:attachment":[{"href":"https:\/\/worldwidegroup.cm\/index.php\/wp-json\/wp\/v2\/media?parent=1126"}],"curies":[{"name":"wp","href":"https:\/\/api.w.org\/{rel}","templated":true}]}}