{"id":1139,"date":"2022-08-10T20:50:23","date_gmt":"2022-08-10T19:50:23","guid":{"rendered":"https:\/\/worldwidegroup.cm\/?page_id=1139"},"modified":"2024-06-07T17:36:32","modified_gmt":"2024-06-07T16:36:32","slug":"architecte-construction","status":"publish","type":"page","link":"https:\/\/worldwidegroup.cm\/index.php\/architecte-construction\/","title":{"rendered":"Architecture &#8211; Construction"},"content":{"rendered":"\t\t<div data-elementor-type=\"wp-page\" data-elementor-id=\"1139\" class=\"elementor elementor-1139\" data-elementor-settings=\"[]\">\n\t\t\t\t\t\t\t<div class=\"elementor-section-wrap\">\n\t\t\t\t\t\t\t<section class=\"elementor-section elementor-top-section elementor-element elementor-element-befe658 elementor-section-boxed elementor-section-height-default elementor-section-height-default\" data-id=\"befe658\" data-element_type=\"section\" data-settings=\"{&quot;background_background&quot;:&quot;classic&quot;}\">\n\t\t\t\t\t\t<div class=\"elementor-container elementor-column-gap-default\">\n\t\t\t\t\t<div class=\"elementor-column elementor-col-100 elementor-top-column elementor-element elementor-element-f3f62f5\" data-id=\"f3f62f5\" data-element_type=\"column\">\n\t\t\t<div class=\"elementor-widget-wrap elementor-element-populated\">\n\t\t\t\t\t\t\t\t<div class=\"elementor-element elementor-element-9f3121a elementor-widget elementor-widget-heading\" data-id=\"9f3121a\" data-element_type=\"widget\" data-widget_type=\"heading.default\">\n\t\t\t\t<div class=\"elementor-widget-container\">\n\t\t\t<h3 class=\"elementor-heading-title elementor-size-default\">Architecture & Construction<\/h3>\t\t<\/div>\n\t\t\t\t<\/div>\n\t\t\t\t\t<\/div>\n\t\t<\/div>\n\t\t\t\t\t\t\t<\/div>\n\t\t<\/section>\n\t\t\t\t<section class=\"elementor-section elementor-top-section elementor-element elementor-element-187ad7f elementor-section-boxed elementor-section-height-default elementor-section-height-default\" data-id=\"187ad7f\" data-element_type=\"section\" data-settings=\"{&quot;background_background&quot;:&quot;classic&quot;}\">\n\t\t\t\t\t\t<div class=\"elementor-container elementor-column-gap-default\">\n\t\t\t\t\t<div class=\"elementor-column elementor-col-100 elementor-top-column elementor-element elementor-element-d44d455\" data-id=\"d44d455\" data-element_type=\"column\">\n\t\t\t<div class=\"elementor-widget-wrap elementor-element-populated\">\n\t\t\t\t\t\t\t\t<div class=\"elementor-element elementor-element-b6e08b4 elementor-widget elementor-widget-text-editor\" data-id=\"b6e08b4\" data-element_type=\"widget\" data-widget_type=\"text-editor.default\">\n\t\t\t\t<div class=\"elementor-widget-container\">\n\t\t\t\t\t\t\t\t<p><strong>WorldWideGroup<\/strong> assure la conception, la construction et la r\u00e9habilitation de tout types de b\u00e2timents : logements, bureaux, ouvrages industriels ou fonctionnels. R\u00e9actives et polyvalentes, nos \u00e9quipes sont en mesure d\u2019intervenir en partenariat local, en entreprise g\u00e9n\u00e9rale ou dans le cadre de projets cl\u00e9s en main. Nos services allient le sur-mesure et les innovations techniques dans le cadre de la construction de projets de grande envergure: h\u00f4pitaux, \u00e9coles, universit\u00e9s, h\u00f4tels, \u00e9quipements sportifs ou culturels, etc. Notre expertise en conception-construction garantit l\u2019optimisation financi\u00e8re et la performance qualitative des ouvrages r\u00e9alis\u00e9s. Nos activit\u00e9s comprennent entre autres:<\/p>\t\t\t\t\t\t<\/div>\n\t\t\t\t<\/div>\n\t\t\t\t\t<\/div>\n\t\t<\/div>\n\t\t\t\t\t\t\t<\/div>\n\t\t<\/section>\n\t\t\t\t<section class=\"elementor-section elementor-top-section elementor-element elementor-element-af4aa66 elementor-section-boxed elementor-section-height-default elementor-section-height-default\" data-id=\"af4aa66\" data-element_type=\"section\" data-settings=\"{&quot;background_background&quot;:&quot;classic&quot;}\">\n\t\t\t\t\t\t<div class=\"elementor-container elementor-column-gap-default\">\n\t\t\t\t\t<div class=\"elementor-column elementor-col-50 elementor-top-column elementor-element elementor-element-eba5d6e\" data-id=\"eba5d6e\" data-element_type=\"column\">\n\t\t\t<div class=\"elementor-widget-wrap elementor-element-populated\">\n\t\t\t\t\t\t\t\t<div class=\"elementor-element elementor-element-2af1341 elementor-widget elementor-widget-heading\" data-id=\"2af1341\" data-element_type=\"widget\" data-widget_type=\"heading.default\">\n\t\t\t\t<div class=\"elementor-widget-container\">\n\t\t\t<h3 class=\"elementor-heading-title elementor-size-default\">L'analyse et la conception structurelle<\/h3>\t\t<\/div>\n\t\t\t\t<\/div>\n\t\t\t\t<div class=\"elementor-element elementor-element-98f1025 elementor-widget elementor-widget-text-editor\" data-id=\"98f1025\" data-element_type=\"widget\" data-widget_type=\"text-editor.default\">\n\t\t\t\t<div class=\"elementor-widget-container\">\n\t\t\t\t\t\t\t\tNous intervenons dans:\n<ul>\n \t<li>Analyse du site<\/li>\n \t<li>Conception des plans 2D et 3D<\/li>\n \t<li>Notes de calculs<\/li>\n \t<li>Dimensionnement et Evaluation financi\u00e8re, &#8230;<\/li>\n<\/ul>\n<br>\n\t\t\t\t\t\t<\/div>\n\t\t\t\t<\/div>\n\t\t\t\t\t<\/div>\n\t\t<\/div>\n\t\t\t\t<div class=\"elementor-column elementor-col-50 elementor-top-column elementor-element elementor-element-3bd4cdd\" data-id=\"3bd4cdd\" data-element_type=\"column\" data-settings=\"{&quot;background_background&quot;:&quot;classic&quot;}\">\n\t\t\t<div class=\"elementor-widget-wrap\">\n\t\t\t\t\t\t\t\t\t<\/div>\n\t\t<\/div>\n\t\t\t\t\t\t\t<\/div>\n\t\t<\/section>\n\t\t\t\t<section class=\"elementor-section elementor-top-section elementor-element elementor-element-d39040e elementor-section-boxed elementor-section-height-default elementor-section-height-default\" data-id=\"d39040e\" data-element_type=\"section\">\n\t\t\t\t\t\t<div class=\"elementor-container elementor-column-gap-default\">\n\t\t\t\t\t<div class=\"elementor-column elementor-col-100 elementor-top-column elementor-element elementor-element-302af61\" data-id=\"302af61\" data-element_type=\"column\" data-settings=\"{&quot;background_background&quot;:&quot;classic&quot;}\">\n\t\t\t<div class=\"elementor-widget-wrap\">\n\t\t\t\t\t\t\t\t\t<\/div>\n\t\t<\/div>\n\t\t\t\t<div class=\"elementor-column elementor-col-100 elementor-top-column elementor-element elementor-element-83c0a4f\" data-id=\"83c0a4f\" data-element_type=\"column\">\n\t\t\t<div class=\"elementor-widget-wrap elementor-element-populated\">\n\t\t\t\t\t\t\t\t<div class=\"elementor-element elementor-element-feccd5c elementor-widget elementor-widget-heading\" data-id=\"feccd5c\" data-element_type=\"widget\" data-widget_type=\"heading.default\">\n\t\t\t\t<div class=\"elementor-widget-container\">\n\t\t\t<h3 class=\"elementor-heading-title elementor-size-default\">La gestion de projet<\/h3>\t\t<\/div>\n\t\t\t\t<\/div>\n\t\t\t\t<div class=\"elementor-element elementor-element-d4d4595 elementor-widget elementor-widget-text-editor\" data-id=\"d4d4595\" data-element_type=\"widget\" data-widget_type=\"text-editor.default\">\n\t\t\t\t<div class=\"elementor-widget-container\">\n\t\t\t\t\t\t\t\t<strong>WorlWideGroup<\/strong> poss\u00e8de les comp\u00e9tences n\u00e9cessaires pour assurer la coordination des projets de construction:\n<ul>\n \t<li>Choix des prestataires,<\/li>\n \t<li>Suivi du cahier de charge,<\/li>\n \t<li>Validation des travaux effectu\u00e9s, &#8230;<\/li>\n<\/ul>\n<br>\t\t\t\t\t\t<\/div>\n\t\t\t\t<\/div>\n\t\t\t\t\t<\/div>\n\t\t<\/div>\n\t\t\t\t\t\t\t<\/div>\n\t\t<\/section>\n\t\t\t\t<section class=\"elementor-section elementor-top-section elementor-element elementor-element-25838e8 elementor-section-boxed elementor-section-height-default elementor-section-height-default\" data-id=\"25838e8\" data-element_type=\"section\" data-settings=\"{&quot;background_background&quot;:&quot;classic&quot;}\">\n\t\t\t\t\t\t<div class=\"elementor-container elementor-column-gap-default\">\n\t\t\t\t\t<div class=\"elementor-column elementor-col-100 elementor-top-column elementor-element elementor-element-1d043ac\" data-id=\"1d043ac\" data-element_type=\"column\">\n\t\t\t<div class=\"elementor-widget-wrap elementor-element-populated\">\n\t\t\t\t\t\t\t\t<div class=\"elementor-element elementor-element-b5c8607 elementor-widget elementor-widget-heading\" data-id=\"b5c8607\" data-element_type=\"widget\" data-widget_type=\"heading.default\">\n\t\t\t\t<div class=\"elementor-widget-container\">\n\t\t\t<h3 class=\"elementor-heading-title elementor-size-default\">La construction<\/h3>\t\t<\/div>\n\t\t\t\t<\/div>\n\t\t\t\t<div class=\"elementor-element elementor-element-2095c71 elementor-widget elementor-widget-text-editor\" data-id=\"2095c71\" data-element_type=\"widget\" data-widget_type=\"text-editor.default\">\n\t\t\t\t<div class=\"elementor-widget-container\">\n\t\t\t\t\t\t\t\tDe la fondation \u00e0 la livraison des cl\u00e9s, nous d\u00e9ployons nos \u00e9quipes de techniciens et notre r\u00e9seau de partenaires pour la r\u00e9alisation de votre projet de construction incluant:\n<ul>\n \t<li>La ma\u00e7onnerie<\/li>\n \t<li>La menuiserie<\/li>\n \t<li>La plomberie<\/li>\n \t<li>L&rsquo;\u00e9lectricit\u00e9, &#8230;<\/li>\n<\/ul>\n<br>\t\t\t\t\t\t<\/div>\n\t\t\t\t<\/div>\n\t\t\t\t\t<\/div>\n\t\t<\/div>\n\t\t\t\t<div class=\"elementor-column elementor-col-100 elementor-top-column elementor-element elementor-element-215000d\" data-id=\"215000d\" data-element_type=\"column\" data-settings=\"{&quot;background_background&quot;:&quot;classic&quot;}\">\n\t\t\t<div class=\"elementor-widget-wrap\">\n\t\t\t\t\t\t\t\t\t<\/div>\n\t\t<\/div>\n\t\t\t\t\t\t\t<\/div>\n\t\t<\/section>\n\t\t\t\t<section class=\"elementor-section elementor-top-section elementor-element elementor-element-84b7d5e elementor-section-content-middle elementor-section-boxed elementor-section-height-default elementor-section-height-default\" data-id=\"84b7d5e\" data-element_type=\"section\">\n\t\t\t\t\t\t<div class=\"elementor-container elementor-column-gap-no\">\n\t\t\t\t\t<div class=\"elementor-column elementor-col-100 elementor-top-column elementor-element elementor-element-5efdddb3\" data-id=\"5efdddb3\" data-element_type=\"column\">\n\t\t\t<div class=\"elementor-widget-wrap elementor-element-populated\">\n\t\t\t\t\t\t\t\t<div class=\"elementor-element elementor-element-954383b elementor-widget elementor-widget-heading\" data-id=\"954383b\" data-element_type=\"widget\" data-widget_type=\"heading.default\">\n\t\t\t\t<div class=\"elementor-widget-container\">\n\t\t\t<h3 class=\"elementor-heading-title elementor-size-default\">Nos projets r\u00e9cents<\/h3>\t\t<\/div>\n\t\t\t\t<\/div>\n\t\t\t\t<div class=\"elementor-element elementor-element-442a90c5 elementor-skin-carousel elementor-pagination-type-bullets elementor-pagination-position-outside elementor-widget elementor-widget-media-carousel\" data-id=\"442a90c5\" data-element_type=\"widget\" data-settings=\"{&quot;space_between&quot;:{&quot;unit&quot;:&quot;px&quot;,&quot;size&quot;:10,&quot;sizes&quot;:[]},&quot;slides_per_view&quot;:&quot;4&quot;,&quot;skin&quot;:&quot;carousel&quot;,&quot;effect&quot;:&quot;slide&quot;,&quot;pagination&quot;:&quot;bullets&quot;,&quot;speed&quot;:500,&quot;autoplay&quot;:&quot;yes&quot;,&quot;autoplay_speed&quot;:5000,&quot;loop&quot;:&quot;yes&quot;,&quot;pause_on_hover&quot;:&quot;yes&quot;,&quot;pause_on_interaction&quot;:&quot;yes&quot;,&quot;space_between_tablet&quot;:{&quot;unit&quot;:&quot;px&quot;,&quot;size&quot;:10,&quot;sizes&quot;:[]},&quot;space_between_mobile&quot;:{&quot;unit&quot;:&quot;px&quot;,&quot;size&quot;:10,&quot;sizes&quot;:[]}}\" data-widget_type=\"media-carousel.default\">\n\t\t\t\t<div class=\"elementor-widget-container\">\n\t\t\t\t\t<div class=\"elementor-swiper\">\n\t\t\t<div class=\"elementor-main-swiper swiper-container\">\n\t\t\t\t<div class=\"swiper-wrapper\">\n\t\t\t\t\t\t\t\t\t\t\t<div class=\"swiper-slide\">\n\t\t\t\t\t\t\t\t\t<div class=\"elementor-carousel-image\" style=\"background-image: url(https:\/\/worldwidegroup.cm\/wp-content\/uploads\/2024\/06\/architecte-yaounde.jpg)\">\n\t\t\t\t\t<\/div>\n\t\t\t\t\t<div class=\"elementor-carousel-image-overlay e-overlay-animation-fade\">\n\t\t\t\t\t\t\t\t\t<i class=\"fa fa-search-plus\"><\/i>\n\t\t\t\t\t\t\t<\/div>\n\t\t\t\t\t\t\t\t\t<\/div>\n\t\t\t\t\t\t\t\t\t\t\t<div class=\"swiper-slide\">\n\t\t\t\t\t\t\t\t\t<div class=\"elementor-carousel-image\" style=\"background-image: url(https:\/\/worldwidegroup.cm\/wp-content\/uploads\/2024\/06\/architecte-exterieur-interieur-douala.jpg)\">\n\t\t\t\t\t<\/div>\n\t\t\t\t\t<div class=\"elementor-carousel-image-overlay e-overlay-animation-fade\">\n\t\t\t\t\t\t\t\t\t<i class=\"fa fa-search-plus\"><\/i>\n\t\t\t\t\t\t\t<\/div>\n\t\t\t\t\t\t\t\t\t<\/div>\n\t\t\t\t\t\t\t\t\t\t\t<div class=\"swiper-slide\">\n\t\t\t\t\t\t\t\t\t<div class=\"elementor-carousel-image\" style=\"background-image: url(https:\/\/worldwidegroup.cm\/wp-content\/uploads\/2024\/06\/Batiment.jpg)\">\n\t\t\t\t\t<\/div>\n\t\t\t\t\t<div class=\"elementor-carousel-image-overlay e-overlay-animation-fade\">\n\t\t\t\t\t\t\t\t\t<i class=\"fa fa-search-plus\"><\/i>\n\t\t\t\t\t\t\t<\/div>\n\t\t\t\t\t\t\t\t\t<\/div>\n\t\t\t\t\t\t\t\t\t\t\t<div class=\"swiper-slide\">\n\t\t\t\t\t\t\t\t\t<div class=\"elementor-carousel-image\" style=\"background-image: url(https:\/\/worldwidegroup.cm\/wp-content\/uploads\/2024\/05\/blueprint-354233_1280.jpg)\">\n\t\t\t\t\t<\/div>\n\t\t\t\t\t<div class=\"elementor-carousel-image-overlay e-overlay-animation-fade\">\n\t\t\t\t\t\t\t\t\t<i class=\"fa fa-search-plus\"><\/i>\n\t\t\t\t\t\t\t<\/div>\n\t\t\t\t\t\t\t\t\t<\/div>\n\t\t\t\t\t\t\t\t\t\t\t<div class=\"swiper-slide\">\n\t\t\t\t\t\t\t\t\t<div class=\"elementor-carousel-image\" style=\"background-image: url(https:\/\/worldwidegroup.cm\/wp-content\/uploads\/2024\/05\/architecture_810x380.jpg)\">\n\t\t\t\t\t<\/div>\n\t\t\t\t\t<div class=\"elementor-carousel-image-overlay e-overlay-animation-fade\">\n\t\t\t\t\t\t\t\t\t<i class=\"fa fa-search-plus\"><\/i>\n\t\t\t\t\t\t\t<\/div>\n\t\t\t\t\t\t\t\t\t<\/div>\n\t\t\t\t\t\t\t\t\t\t\t<div class=\"swiper-slide\">\n\t\t\t\t\t\t\t\t\t<div class=\"elementor-carousel-image\" style=\"background-image: url(https:\/\/worldwidegroup.cm\/wp-content\/uploads\/2024\/05\/Office-Design-and-Furniture-1024x683-1.jpg)\">\n\t\t\t\t\t<\/div>\n\t\t\t\t\t<div class=\"elementor-carousel-image-overlay e-overlay-animation-fade\">\n\t\t\t\t\t\t\t\t\t<i class=\"fa fa-search-plus\"><\/i>\n\t\t\t\t\t\t\t<\/div>\n\t\t\t\t\t\t\t\t\t<\/div>\n\t\t\t\t\t\t\t\t\t<\/div>\n\t\t\t\t\t\t\t\t\t\t\t\t\t\t\t<div class=\"swiper-pagination\"><\/div>\n\t\t\t\t\t\t\t\t\t\t\t\t\t\t\t\t\t<\/div>\n\t\t<\/div>\n\t\t\t\t<\/div>\n\t\t\t\t<\/div>\n\t\t\t\t\t<\/div>\n\t\t<\/div>\n\t\t\t\t\t\t\t<\/div>\n\t\t<\/section>\n\t\t\t\t<section class=\"elementor-section elementor-top-section elementor-element elementor-element-3cdf2e5 elementor-section-boxed elementor-section-height-default elementor-section-height-default\" data-id=\"3cdf2e5\" data-element_type=\"section\" data-settings=\"{&quot;background_background&quot;:&quot;classic&quot;}\">\n\t\t\t\t\t\t<div class=\"elementor-container elementor-column-gap-default\">\n\t\t\t\t\t<div class=\"elementor-column elementor-col-100 elementor-top-column elementor-element elementor-element-1c5bafc elementor-invisible\" data-id=\"1c5bafc\" data-element_type=\"column\" data-settings=\"{&quot;animation&quot;:&quot;fadeInUp&quot;}\">\n\t\t\t<div class=\"elementor-widget-wrap elementor-element-populated\">\n\t\t\t\t\t\t\t\t<div class=\"elementor-element elementor-element-fc5beda elementor-cta--skin-cover elementor-animated-content elementor-bg-transform elementor-bg-transform-zoom-in elementor-widget elementor-widget-call-to-action\" data-id=\"fc5beda\" data-element_type=\"widget\" data-widget_type=\"call-to-action.default\">\n\t\t\t\t<div class=\"elementor-widget-container\">\n\t\t\t\t\t<div  class=\"elementor-cta\">\n\t\t\t\t\t<div class=\"elementor-cta__bg-wrapper\">\n\t\t\t\t<div class=\"elementor-cta__bg elementor-bg\" style=\"background-image: url();\"><\/div>\n\t\t\t\t<div class=\"elementor-cta__bg-overlay\"><\/div>\n\t\t\t<\/div>\n\t\t\t\t\t\t\t<div class=\"elementor-cta__content\">\n\t\t\t\t\n\t\t\t\t\t\t\t\t\t<h2 class=\"elementor-cta__title elementor-cta__content-item elementor-content-item elementor-animated-item--grow\">\n\t\t\t\t\t\tPlanifiez votre projet\t\t\t\t\t<\/h2>\n\t\t\t\t\n\t\t\t\t\t\t\t\t\t<div class=\"elementor-cta__description elementor-cta__content-item elementor-content-item elementor-animated-item--grow\">\n\t\t\t\t\t\tWorldwidegroup est le partenaire id\u00e9al pour g\u00e9rer votre projet de construction en toute s\u00e9r\u00e9nit\u00e9. <br>\nNotre \u00e9quipe de professionnels vous aidera \u00e0 analyser et \u00e0 atteindre vos objectifs. \t\t\t\t\t<\/div>\n\t\t\t\t\n\t\t\t\t\t\t\t\t\t<div class=\"elementor-cta__button-wrapper elementor-cta__content-item elementor-content-item elementor-animated-item--grow\">\n\t\t\t\t\t<a class=\"elementor-cta__button elementor-button elementor-size-sm\" href=\"https:\/\/worldwidegroup.cm\/index.php\/contacts\/\">\n\t\t\t\t\t\tContactez-nous\t\t\t\t\t<\/a>\n\t\t\t\t\t<\/div>\n\t\t\t\t\t\t\t<\/div>\n\t\t\t\t\t\t<\/div>\n\t\t\t\t<\/div>\n\t\t\t\t<\/div>\n\t\t\t\t\t<\/div>\n\t\t<\/div>\n\t\t\t\t\t\t\t<\/div>\n\t\t<\/section>\n\t\t\t\t\t\t<\/div>\n\t\t\t\t\t<\/div>\n\t\t","protected":false},"excerpt":{"rendered":"<p>Architecture &#038; Construction WorldWideGroup assure la conception, la construction et la r\u00e9habilitation de tout types de b\u00e2timents : logements, bureaux, ouvrages industriels ou fonctionnels. R\u00e9actives et polyvalentes, nos \u00e9quipes sont en mesure d\u2019intervenir en partenariat local, en entreprise g\u00e9n\u00e9rale ou dans le cadre de projets cl\u00e9s en main. Nos services allient le sur-mesure et les &hellip;<\/p>\n<p class=\"read-more\"> <a class=\"\" href=\"https:\/\/worldwidegroup.cm\/index.php\/architecte-construction\/\"> <span class=\"screen-reader-text\">Architecture &#8211; Construction<\/span> Lire la suite\u00a0\u00bb<\/a><\/p>\n","protected":false},"author":1,"featured_media":0,"parent":0,"menu_order":0,"comment_status":"closed","ping_status":"closed","template":"","meta":{"footnotes":""},"class_list":["post-1139","page","type-page","status-publish","hentry"],"yoast_head":"<!-- This site is optimized with the Yoast SEO plugin v16.2 - https:\/\/yoast.com\/wordpress\/plugins\/seo\/ -->\n<title>Service d&#039;architecture au Cameroun- WorldWideGroup<\/title>\n<meta name=\"description\" content=\"Vous \u00eates \u00e0 la recherche d&#039;un architecte \u00e0 Douala au Cameroun pour la r\u00e9alisation de votre projet immobilier ? Faites appel \u00e0 WorldWideGroup\" \/>\n<meta name=\"robots\" content=\"index, follow, max-snippet:-1, max-image-preview:large, max-video-preview:-1\" \/>\n<link rel=\"canonical\" href=\"https:\/\/worldwidegroup.cm\/index.php\/architecte-construction\/\" \/>\n<meta property=\"og:locale\" content=\"fr_FR\" \/>\n<meta property=\"og:type\" content=\"article\" \/>\n<meta property=\"og:title\" content=\"Service d&#039;architecture au Cameroun- WorldWideGroup\" \/>\n<meta property=\"og:description\" content=\"Vous \u00eates \u00e0 la recherche d&#039;un architecte \u00e0 Douala au Cameroun pour la r\u00e9alisation de votre projet immobilier ? Faites appel \u00e0 WorldWideGroup\" \/>\n<meta property=\"og:url\" content=\"https:\/\/worldwidegroup.cm\/index.php\/architecte-construction\/\" \/>\n<meta property=\"og:site_name\" content=\"WorldWideGroup\" \/>\n<meta property=\"article:publisher\" content=\"https:\/\/www.facebook.com\/thedigitalcap\" \/>\n<meta property=\"article:modified_time\" content=\"2024-06-07T16:36:32+00:00\" \/>\n<meta property=\"og:image\" content=\"https:\/\/worldwidegroup.cm\/wp-content\/uploads\/2021\/05\/logo-2.png\" \/>\n\t<meta property=\"og:image:width\" content=\"875\" \/>\n\t<meta property=\"og:image:height\" content=\"660\" \/>\n<meta name=\"twitter:card\" content=\"summary_large_image\" \/>\n<meta name=\"twitter:label1\" content=\"Dur\u00e9e de lecture est.\">\n\t<meta name=\"twitter:data1\" content=\"1 minute\">\n<script type=\"application\/ld+json\" class=\"yoast-schema-graph\">{\"@context\":\"https:\/\/schema.org\",\"@graph\":[{\"@type\":\"Organization\",\"@id\":\"https:\/\/worldwidegroup.cm\/#organization\",\"name\":\"The Digital CAP\",\"url\":\"https:\/\/worldwidegroup.cm\/\",\"sameAs\":[\"https:\/\/www.facebook.com\/thedigitalcap\"],\"logo\":{\"@type\":\"ImageObject\",\"@id\":\"https:\/\/worldwidegroup.cm\/#logo\",\"inLanguage\":\"fr-FR\",\"url\":\"https:\/\/worldwidegroup.cm\/wp-content\/uploads\/2021\/05\/logo-2.png\",\"contentUrl\":\"https:\/\/worldwidegroup.cm\/wp-content\/uploads\/2021\/05\/logo-2.png\",\"width\":875,\"height\":660,\"caption\":\"The Digital CAP\"},\"image\":{\"@id\":\"https:\/\/worldwidegroup.cm\/#logo\"}},{\"@type\":\"WebSite\",\"@id\":\"https:\/\/worldwidegroup.cm\/#website\",\"url\":\"https:\/\/worldwidegroup.cm\/\",\"name\":\"WorldWideGroup\",\"description\":\"Architecture et design d&#039;int\\u00e9rieur au Cameroun\",\"publisher\":{\"@id\":\"https:\/\/worldwidegroup.cm\/#organization\"},\"potentialAction\":[{\"@type\":\"SearchAction\",\"target\":\"https:\/\/worldwidegroup.cm\/?s={search_term_string}\",\"query-input\":\"required name=search_term_string\"}],\"inLanguage\":\"fr-FR\"},{\"@type\":\"WebPage\",\"@id\":\"https:\/\/worldwidegroup.cm\/index.php\/architecte-construction\/#webpage\",\"url\":\"https:\/\/worldwidegroup.cm\/index.php\/architecte-construction\/\",\"name\":\"Service d'architecture au Cameroun- WorldWideGroup\",\"isPartOf\":{\"@id\":\"https:\/\/worldwidegroup.cm\/#website\"},\"datePublished\":\"2022-08-10T19:50:23+00:00\",\"dateModified\":\"2024-06-07T16:36:32+00:00\",\"description\":\"Vous \\u00eates \\u00e0 la recherche d'un architecte \\u00e0 Douala au Cameroun pour la r\\u00e9alisation de votre projet immobilier ? Faites appel \\u00e0 WorldWideGroup\",\"breadcrumb\":{\"@id\":\"https:\/\/worldwidegroup.cm\/index.php\/architecte-construction\/#breadcrumb\"},\"inLanguage\":\"fr-FR\",\"potentialAction\":[{\"@type\":\"ReadAction\",\"target\":[\"https:\/\/worldwidegroup.cm\/index.php\/architecte-construction\/\"]}]},{\"@type\":\"BreadcrumbList\",\"@id\":\"https:\/\/worldwidegroup.cm\/index.php\/architecte-construction\/#breadcrumb\",\"itemListElement\":[{\"@type\":\"ListItem\",\"position\":1,\"item\":{\"@type\":\"WebPage\",\"@id\":\"https:\/\/worldwidegroup.cm\/\",\"url\":\"https:\/\/worldwidegroup.cm\/\",\"name\":\"Accueil\"}},{\"@type\":\"ListItem\",\"position\":2,\"item\":{\"@id\":\"https:\/\/worldwidegroup.cm\/index.php\/architecte-construction\/#webpage\"}}]}]}<\/script>\n<!-- \/ Yoast SEO plugin. -->","_links":{"self":[{"href":"https:\/\/worldwidegroup.cm\/index.php\/wp-json\/wp\/v2\/pages\/1139","targetHints":{"allow":["GET"]}}],"collection":[{"href":"https:\/\/worldwidegroup.cm\/index.php\/wp-json\/wp\/v2\/pages"}],"about":[{"href":"https:\/\/worldwidegroup.cm\/index.php\/wp-json\/wp\/v2\/types\/page"}],"author":[{"embeddable":true,"href":"https:\/\/worldwidegroup.cm\/index.php\/wp-json\/wp\/v2\/users\/1"}],"replies":[{"embeddable":true,"href":"https:\/\/worldwidegroup.cm\/index.php\/wp-json\/wp\/v2\/comments?post=1139"}],"version-history":[{"count":73,"href":"https:\/\/worldwidegroup.cm\/index.php\/wp-json\/wp\/v2\/pages\/1139\/revisions"}],"predecessor-version":[{"id":1613,"href":"https:\/\/worldwidegroup.cm\/index.php\/wp-json\/wp\/v2\/pages\/1139\/revisions\/1613"}],"wp:attachment":[{"href":"https:\/\/worldwidegroup.cm\/index.php\/wp-json\/wp\/v2\/media?parent=1139"}],"curies":[{"name":"wp","href":"https:\/\/api.w.org\/{rel}","templated":true}]}}